{"id":634,"date":"2020-05-27T18:13:02","date_gmt":"2020-05-27T16:13:02","guid":{"rendered":"https:\/\/promotionskolleg-migration.de\/?page_id=634"},"modified":"2021-08-09T11:23:05","modified_gmt":"2021-08-09T09:23:05","slug":"franziska-heinz","status":"publish","type":"page","link":"http:\/\/promotionskolleg-migration.de\/de_de\/ueber-uns\/stipendiatinnen\/franziska-heinz\/","title":{"rendered":"Franziska Heinz"},"content":{"rendered":"<p><a href=\"http:\/\/promotionskolleg-migration.de\/stipendiatinnen\">Zur\u00fcck zur \u00dcbersicht<\/a><\/p>\n<h6>\u00dcber uns &gt; stipendiat*innen &gt; Franziska Heinz<\/h6>\n<p><a href=\"https:\/\/promotionskolleg-migration.de\/veranstaltungen-2\/\">Aktuelle Veranstaltungen<\/a><\/p>\n<h2>Franziska Heinz<\/h2>\n<h4><a href=\"https:\/\/promotionskolleg-migration.de\/stipendiatinnen\/\">Zur\u00fcck zur \u00dcbersicht<\/a><\/h4>\n<p><strong>Kontakt<\/strong><\/p>\n<p>Sigmund-Freud-Institut<br \/>Myliusstra\u00dfe 20<br \/>60323 Frankfurt am Main<br \/>Raum U.09<\/p>\n<p>\u00a0<\/p>\n<p>Tel.: 069 971204-129<br \/>Fax: 069 971204-4<\/p>\n<p>\u00a0<\/p>\n<p>E-Mail: <a href=\"mailto:heinz@sigmund-freud-institut.de\" target=\"_blank\" rel=\"noopener\">heinz@sigmund-freud-institut.de<\/a><\/p>\n\n<h4><strong>Vita<\/strong><\/h4>\n<p>seit 2019<br \/>Dissertation im Promotionskolleg \u201ePsychosoziale Folgen von Migration und Flucht \u2013 generationale Dynamiken und adoleszente Verl\u00e4ufe\u201c der Hans-B\u00f6ckler-Stiftung, Sigmund-Freud-Institut Frankfurt und Universit\u00e4t Hamburg<\/p>\n<p>\u00a0<\/p>\n<p>2019<br \/>Praktikum in der Psychosomatischen Tagesklinik, Hospital zum Heiligen Geist Frankfurt<\/p>\n<p>\u00a0<\/p>\n<p>2018-2019<br \/>Praktikum in der Psychiatrischen Tagesklinik, Klinikum Hanau<\/p>\n<p>\u00a0<\/p>\n<p>2014-2018<br \/>Psychologin beim Psychosozialen Dienst der Klinik f\u00fcr Kinder- und Jugendmedizin, Universit\u00e4tsklinikum Gie\u00dfen-Marburg, Standort Marburg<\/p>\n<p>\u00a0<\/p>\n<p>2011-2014<br \/>Wissenschaftliche Hilfskraft und Tutorin am Fachbereich Psychologie, AG Assoziatives Lernen, Philipps-Universit\u00e4t Marburg<\/p>\n<p>\u00a0<\/p>\n<p>2009-2014<br \/>Studium der Psychologie mit Diplomabschluss, Philipps-Universit\u00e4t Marburg<\/p>\n<h4><strong>Forschungsschwerpunkte<\/strong><\/h4>\n<ul>\n<li>Adoleszenz- und Bildungsforschung<\/li>\n<li>Psychosoziale Folgen von Migration und transgenerationale Prozesse<\/li>\n<\/ul>\n<h4><strong>Publikationen<\/strong><\/h4>\n<p>Rezension: Maria Kontos: Die desintegrativen Folgen des \u00f6ffentlichen Integrationsdiskurses. Eine biographieanalytische Untersuchung mit Migrantinnen und Migranten. Opladen Berlin &amp; Toronto: Verlag Barbara Budrich 2020, In: BIOS &#8211; Zeitschrift f\u00fcr Biographieforschung, Oral History und Lebensverlaufsanalysen [im Erscheinen].<\/p>\n<h4><strong><a href=\"https:\/\/promotionskolleg-migration.de\/veranstaltungen-2\/\">Aktuelle Veranstaltungen<\/a><\/strong><\/h4>\n","protected":false},"excerpt":{"rendered":"<p>Zur\u00fcck zur \u00dcbersicht \u00dcber uns &gt; stipendiat*innen &gt; Franziska Heinz Aktuelle Veranstaltungen Franziska Heinz Zur\u00fcck zur \u00dcbersicht Kontakt Sigmund-Freud-InstitutMyliusstra\u00dfe 2060323 Frankfurt am MainRaum U.09 \u00a0 Tel.: 069 971204-129Fax: 069 971204-4 \u00a0 E-Mail: heinz@sigmund-freud-institut.de Vita seit 2019Dissertation im Promotionskolleg \u201ePsychosoziale Folgen von Migration und Flucht \u2013 generationale Dynamiken und adoleszente Verl\u00e4ufe\u201c der Hans-B\u00f6ckler-Stiftung, Sigmund-Freud-Institut Frankfurt und [&hellip;]<\/p>\n","protected":false},"author":6,"featured_media":0,"parent":27,"menu_order":0,"comment_status":"closed","ping_status":"closed","template":"elementor_header_footer","meta":{"site-sidebar-layout":"no-sidebar","site-content-layout":"page-builder","ast-site-content-layout":"default","site-content-style":"default","site-sidebar-style":"default","ast-global-header-display":"","ast-banner-title-visibility":"","ast-main-header-display":"","ast-hfb-above-header-display":"","ast-hfb-below-header-display":"","ast-hfb-mobile-header-display":"","site-post-title":"disabled","ast-breadcrumbs-content":"","ast-featured-img":"disabled","footer-sml-layout":"","ast-disable-related-posts":"","theme-transparent-header-meta":"default","adv-header-id-meta":"","stick-header-meta":"","header-above-stick-meta":"","header-main-stick-meta":"","header-below-stick-meta":"","astra-migrate-meta-layouts":"default","ast-page-background-enabled":"default","ast-page-background-meta":{"desktop":{"background-color":"","background-image":"","background-repeat":"repeat","background-position":"center center","background-size":"auto","background-attachment":"scroll","background-type":"","background-media":"","overlay-type":"","overlay-color":"","overlay-opacity":"","overlay-gradient":""},"tablet":{"background-color":"","background-image":"","background-repeat":"repeat","background-position":"center center","background-size":"auto","background-attachment":"scroll","background-type":"","background-media":"","overlay-type":"","overlay-color":"","overlay-opacity":"","overlay-gradient":""},"mobile":{"background-color":"","background-image":"","background-repeat":"repeat","background-position":"center center","background-size":"auto","background-attachment":"scroll","background-type":"","background-media":"","overlay-type":"","overlay-color":"","overlay-opacity":"","overlay-gradient":""}},"ast-content-background-meta":{"desktop":{"background-color":"var(--ast-global-color-5)","background-image":"","background-repeat":"repeat","background-position":"center center","background-size":"auto","background-attachment":"scroll","background-type":"","background-media":"","overlay-type":"","overlay-color":"","overlay-opacity":"","overlay-gradient":""},"tablet":{"background-color":"var(--ast-global-color-5)","background-image":"","background-repeat":"repeat","background-position":"center center","background-size":"auto","background-attachment":"scroll","background-type":"","background-media":"","overlay-type":"","overlay-color":"","overlay-opacity":"","overlay-gradient":""},"mobile":{"background-color":"var(--ast-global-color-5)","background-image":"","background-repeat":"repeat","background-position":"center center","background-size":"auto","background-attachment":"scroll","background-type":"","background-media":"","overlay-type":"","overlay-color":"","overlay-opacity":"","overlay-gradient":""}},"footnotes":""},"_links":{"self":[{"href":"http:\/\/promotionskolleg-migration.de\/de_de\/wp-json\/wp\/v2\/pages\/634"}],"collection":[{"href":"http:\/\/promotionskolleg-migration.de\/de_de\/wp-json\/wp\/v2\/pages"}],"about":[{"href":"http:\/\/promotionskolleg-migration.de\/de_de\/wp-json\/wp\/v2\/types\/page"}],"author":[{"embeddable":true,"href":"http:\/\/promotionskolleg-migration.de\/de_de\/wp-json\/wp\/v2\/users\/6"}],"replies":[{"embeddable":true,"href":"http:\/\/promotionskolleg-migration.de\/de_de\/wp-json\/wp\/v2\/comments?post=634"}],"version-history":[{"count":15,"href":"http:\/\/promotionskolleg-migration.de\/de_de\/wp-json\/wp\/v2\/pages\/634\/revisions"}],"predecessor-version":[{"id":1619,"href":"http:\/\/promotionskolleg-migration.de\/de_de\/wp-json\/wp\/v2\/pages\/634\/revisions\/1619"}],"up":[{"embeddable":true,"href":"http:\/\/promotionskolleg-migration.de\/de_de\/wp-json\/wp\/v2\/pages\/27"}],"wp:attachment":[{"href":"http:\/\/promotionskolleg-migration.de\/de_de\/wp-json\/wp\/v2\/media?parent=634"}],"curies":[{"name":"wp","href":"https:\/\/api.w.org\/{rel}","templated":true}]}}