{"id":103,"date":"2020-04-01T16:43:05","date_gmt":"2020-04-01T14:43:05","guid":{"rendered":"https:\/\/promotionskolleg-migration.de\/?page_id=103"},"modified":"2022-05-16T09:45:19","modified_gmt":"2022-05-16T07:45:19","slug":"impressum","status":"publish","type":"page","link":"https:\/\/promotionskolleg-migration.de\/de_de\/impressum\/","title":{"rendered":"Impressum"},"content":{"rendered":"<h2>Impressum<\/h2>\n<p>Anbieterkennzeichnung gem. \u00a7 6 TDG:<br \/>Sigmund-Freud-Institut<br \/>Stiftung \u00d6ffentlichen Rechts<br \/>Prof. Dr. Vera King<br \/>(Gesch\u00e4ftsf\u00fchrende Direktorin)<br \/>Prof. Dr. Patrick Meurs<br \/>(Stellvertretender Gesch\u00e4ftsf\u00fchrender Direktor)<\/p>\n<p>\u00a0<\/p>\n<p>Sigmund-Freud-Institut<br \/>Myliusstra\u00dfe 20<br \/>60323 Frankfurt am Main<br \/>Telefon 069 971204-0<br \/>Telefax 069 971204-4<br \/>E-Mail\u00a0<a href=\"mailto:post@sigmund-freud-institut.de\">post(at)sigmund-freud-institut.de<\/a><\/p>\n<p>\u00a0<\/p>\n<p>Verantwortlich f\u00fcr den Internetauftritt:<br \/>Vera King \/ Heike Langholz<br \/>Telefon 069 971204-0<br \/>E-Mail\u00a0<a href=\"mailto:post@sigmund-freud-institut.de\" target=\"_blank\" rel=\"noopener\">post(at)sigmund-freud-institut.de<\/a><\/p>\n<p>\u00a0<\/p>\n<p>F\u00fcr die Inhalte der Mitarbeiterportraits unter <a href=\"https:\/\/promotionskolleg-migration.de\/ueber-uns\/\">\u2192 <em>\u00dcber uns<\/em><\/a>\u00a0 sind die jeweiligen Mitarbeiterinnen und Mitarbeiter verantwortlich.<\/p>\n<p>\u00a0<\/p>\n<p>Haftungshinweis: Trotz sorgf\u00e4ltiger inhaltlicher Kontrolle \u00fcbernehmen wir keine Haftung f\u00fcr die Inhalte externer Links. F\u00fcr den Inhalt der verlinkten Seiten sind ausschlie\u00dflich deren Betreiber verantwortlich.<\/p>\n<p>\u00a0<\/p>\n<p>Trotz sorgf\u00e4ltiger Recherche konnten nicht alle Bildrechte-Inhaber ausfindig gemacht werden. Wir bitten deshalb um Kontaktaufnahme, falls Sie die Bildrechte eines Bildes inne haben, und\/oder ein solches entsprechend entfernen lassen wollen.<\/p>\n<p>\u00a0<\/p>\n<p>\u00a0\u00a9 Copyright Sigmund-Freud-Institut, 2020<\/p>\n","protected":false},"excerpt":{"rendered":"<p>Impressum Anbieterkennzeichnung gem. \u00a7 6 TDG:Sigmund-Freud-InstitutStiftung \u00d6ffentlichen RechtsProf. Dr. Vera King(Gesch\u00e4ftsf\u00fchrende Direktorin)Prof. Dr. Patrick Meurs(Stellvertretender Gesch\u00e4ftsf\u00fchrender Direktor) \u00a0 Sigmund-Freud-InstitutMyliusstra\u00dfe 2060323 Frankfurt am MainTelefon 069 971204-0Telefax 069 971204-4E-Mail\u00a0post(at)sigmund-freud-institut.de \u00a0 Verantwortlich f\u00fcr den Internetauftritt:Vera King \/ Heike LangholzTelefon 069 971204-0E-Mail\u00a0post(at)sigmund-freud-institut.de \u00a0 F\u00fcr die Inhalte der Mitarbeiterportraits unter \u2192 \u00dcber uns\u00a0 sind die jeweiligen Mitarbeiterinnen und Mitarbeiter verantwortlich. [&hellip;]<\/p>\n","protected":false},"author":6,"featured_media":0,"parent":0,"menu_order":0,"comment_status":"closed","ping_status":"closed","template":"elementor_header_footer","meta":{"site-sidebar-layout":"no-sidebar","site-content-layout":"page-builder","ast-site-content-layout":"default","site-content-style":"default","site-sidebar-style":"default","ast-global-header-display":"","ast-banner-title-visibility":"","ast-main-header-display":"","ast-hfb-above-header-display":"","ast-hfb-below-header-display":"","ast-hfb-mobile-header-display":"","site-post-title":"disabled","ast-breadcrumbs-content":"","ast-featured-img":"disabled","footer-sml-layout":"","ast-disable-related-posts":"","theme-transparent-header-meta":"default","adv-header-id-meta":"","stick-header-meta":"","header-above-stick-meta":"","header-main-stick-meta":"","header-below-stick-meta":"","astra-migrate-meta-layouts":"default","ast-page-background-enabled":"default","ast-page-background-meta":{"desktop":{"background-color":"","background-image":"","background-repeat":"repeat","background-position":"center center","background-size":"auto","background-attachment":"scroll","background-type":"","background-media":"","overlay-type":"","overlay-color":"","overlay-opacity":"","overlay-gradient":""},"tablet":{"background-color":"","background-image":"","background-repeat":"repeat","background-position":"center center","background-size":"auto","background-attachment":"scroll","background-type":"","background-media":"","overlay-type":"","overlay-color":"","overlay-opacity":"","overlay-gradient":""},"mobile":{"background-color":"","background-image":"","background-repeat":"repeat","background-position":"center center","background-size":"auto","background-attachment":"scroll","background-type":"","background-media":"","overlay-type":"","overlay-color":"","overlay-opacity":"","overlay-gradient":""}},"ast-content-background-meta":{"desktop":{"background-color":"var(--ast-global-color-5)","background-image":"","background-repeat":"repeat","background-position":"center center","background-size":"auto","background-attachment":"scroll","background-type":"","background-media":"","overlay-type":"","overlay-color":"","overlay-opacity":"","overlay-gradient":""},"tablet":{"background-color":"var(--ast-global-color-5)","background-image":"","background-repeat":"repeat","background-position":"center center","background-size":"auto","background-attachment":"scroll","background-type":"","background-media":"","overlay-type":"","overlay-color":"","overlay-opacity":"","overlay-gradient":""},"mobile":{"background-color":"var(--ast-global-color-5)","background-image":"","background-repeat":"repeat","background-position":"center center","background-size":"auto","background-attachment":"scroll","background-type":"","background-media":"","overlay-type":"","overlay-color":"","overlay-opacity":"","overlay-gradient":""}},"footnotes":""},"_links":{"self":[{"href":"https:\/\/promotionskolleg-migration.de\/de_de\/wp-json\/wp\/v2\/pages\/103"}],"collection":[{"href":"https:\/\/promotionskolleg-migration.de\/de_de\/wp-json\/wp\/v2\/pages"}],"about":[{"href":"https:\/\/promotionskolleg-migration.de\/de_de\/wp-json\/wp\/v2\/types\/page"}],"author":[{"embeddable":true,"href":"https:\/\/promotionskolleg-migration.de\/de_de\/wp-json\/wp\/v2\/users\/6"}],"replies":[{"embeddable":true,"href":"https:\/\/promotionskolleg-migration.de\/de_de\/wp-json\/wp\/v2\/comments?post=103"}],"version-history":[{"count":10,"href":"https:\/\/promotionskolleg-migration.de\/de_de\/wp-json\/wp\/v2\/pages\/103\/revisions"}],"predecessor-version":[{"id":1681,"href":"https:\/\/promotionskolleg-migration.de\/de_de\/wp-json\/wp\/v2\/pages\/103\/revisions\/1681"}],"wp:attachment":[{"href":"https:\/\/promotionskolleg-migration.de\/de_de\/wp-json\/wp\/v2\/media?parent=103"}],"curies":[{"name":"wp","href":"https:\/\/api.w.org\/{rel}","templated":true}]}}