{"id":104,"date":"2020-04-01T16:43:05","date_gmt":"2020-04-01T14:43:05","guid":{"rendered":"https:\/\/promotionskolleg-migration.de\/?page_id=104"},"modified":"2022-05-16T09:50:37","modified_gmt":"2022-05-16T07:50:37","slug":"datenschutzerklaerung-2","status":"publish","type":"page","link":"https:\/\/promotionskolleg-migration.de\/de_de\/datenschutzerklaerung-2\/","title":{"rendered":"Datenschutzerkl\u00e4rung"},"content":{"rendered":"<h2>Datenschutzerkl\u00e4rung<\/h2>\n<h4><strong>Wer wir sind<\/strong><\/h4>\n<p>Das Sigmund-Freud-Institut ist eine Stiftung \u00f6ffentlichen Rechts und entsprechend nehmen wir als \u00f6ffentliche Einrichtung, die der Wissenschaft und Forschung dient, den Schutz der personenbezogenen Daten sehr ernst und behandeln s\u00e4mtliche personenbezogenen Daten vertraulich und entsprechend der gesetzlichen Vorgaben. Daher gelten f\u00fcr Sie als Nutzer der Homepage des SFI folgende Datenschutzbestimmungen (\u00a7 13 DSGVO):<\/p>\n<h4><strong>\u00a0<\/strong><\/h4>\n<h4><strong>Zugriff auf die Homepage<\/strong><\/h4>\n<p>Als Person, die unsere Homepage besucht, bleiben Sie anonym, das Surf-Verhalten kann nicht zu Ihnen zur\u00fcckverfolgt werden. Wir erheben keine personenbezogenen Daten, sondern registrieren aufgrund unseres berechtigten Interesses (\u00a76 DSGVO) lediglich jeden Zugriff auf unsere Homepage also sog. Server-Logfiles. Beim Besuch unserer Website kann Ihr Surf-Verhalten statistisch ausgewertet werden. Das geschieht vor allem mit Cookies und mit sogenannten Analyseprogrammen. Sie k\u00f6nnen dieser Analyse widersprechen oder sie durch die Nichtbenutzung bestimmter Tools verhindern.<br \/>Ihre Daten werden zum einen dadurch erhoben, dass Sie uns diese mitteilen. Hierbei kann es sich z.B. um Daten handeln, die Sie in ein Kontaktformular eingeben. Andere Daten werden automatisch beim Besuch der Website durch unsere IT-Systeme erfasst. Das sind vor allem technische Daten (z.B. Internetbrowser, Betriebssystem oder Uhrzeit des Seitenaufrufs). Die Erfassung dieser Daten erfolgt automatisch, sobald Sie unsere Website betreten.<\/p>\n<h4>\u00a0<\/h4>\n<h4><strong>Wer ist verantwortlich f\u00fcr die Datenerfassung auf dieser Website?<\/strong><\/h4>\n<p>Die Datenverarbeitung auf dieser Website erfolgt durch den Websitebetreiber. Dessen Kontaktdaten k\u00f6nnen Sie dem Impressum dieser Website entnehmen.<\/p>\n<h4>\u00a0<\/h4>\n<h4><strong>Kontaktaufnahme<\/strong><\/h4>\n<p>Wenn Sie \u00fcber die auf der Homepage angegebenen Mailadressen Kontakt mit uns aufnehmen, werden Ihre Angaben f\u00fcr die Bearbeitung der Anfrage sowie f\u00fcr den Fall, dass Anschlussfragen entstehen, gespeichert.<\/p>\n<p>Dar\u00fcber hinaus erfolgt eine anderweitige oder weitergehende Nutzung Ihrer Daten nur, wenn Sie hierzu zuvor Ihre Einwilligung erteilt haben. Eine Weitergabe Ihrer Daten an Dritte erfolgt ebenfalls nur dann, wenn Sie zuvor eingewilligt haben.<\/p>\n<h4>\u00a0<\/h4>\n<h4><strong>Widerruf, \u00c4nderungen, Berichtigungen und Aktualisierungen<\/strong><\/h4>\n<p>Als Nutzer haben Sie das Recht, auf Antrag unentgeltlich Auskunft \u00fcber die personenbezogenen Daten zu erhalten, die wir gespeichert haben. Zus\u00e4tzlich haben Sie das Recht, unrichtige Daten berichtigen zu lassen, bzw. Daten sperren oder l\u00f6schen zu lassen, sofern dem keine gesetzliche Aufbewahrungspflicht entgegensteht. Zu diesem Zweck wenden Sie sich bitte an folgende Mailadresse:\u00a0<strong><b><a href=\"mailto:datenschutz@sigmund-freud-institut.de\">datenschutz@sigmund-freud-institut.de<\/a><\/b><\/strong>\u00a0\u00fcber die unsere Datenschutzbeauftragte erreichbar ist.<\/p>\n<p>\u00a0<\/p>\n<h4><strong>Aufsichtsbeh\u00f6rde<\/strong><\/h4>\n<p>Die f\u00fcr das Sigmund-Freud-Institut zust\u00e4ndige Aufsichtsbeh\u00f6rde f\u00fcr den Datenschutz ist:<\/p>\n<p>Der Hessische Beauftragte f\u00fcr Datenschutz und Informationsfreiheit<br \/>Postfach 3163<br \/>65021 Wiesbaden<br \/>Email: poststelle@datenschutz.hessen.de<\/p>\n","protected":false},"excerpt":{"rendered":"<p>Datenschutzerkl\u00e4rung Wer wir sind Das Sigmund-Freud-Institut ist eine Stiftung \u00f6ffentlichen Rechts und entsprechend nehmen wir als \u00f6ffentliche Einrichtung, die der Wissenschaft und Forschung dient, den Schutz der personenbezogenen Daten sehr ernst und behandeln s\u00e4mtliche personenbezogenen Daten vertraulich und entsprechend der gesetzlichen Vorgaben. Daher gelten f\u00fcr Sie als Nutzer der Homepage des SFI folgende Datenschutzbestimmungen (\u00a7 [&hellip;]<\/p>\n","protected":false},"author":6,"featured_media":0,"parent":0,"menu_order":0,"comment_status":"closed","ping_status":"closed","template":"elementor_header_footer","meta":{"site-sidebar-layout":"no-sidebar","site-content-layout":"page-builder","ast-site-content-layout":"default","site-content-style":"default","site-sidebar-style":"default","ast-global-header-display":"","ast-banner-title-visibility":"","ast-main-header-display":"","ast-hfb-above-header-display":"","ast-hfb-below-header-display":"","ast-hfb-mobile-header-display":"","site-post-title":"disabled","ast-breadcrumbs-content":"","ast-featured-img":"disabled","footer-sml-layout":"","ast-disable-related-posts":"","theme-transparent-header-meta":"default","adv-header-id-meta":"","stick-header-meta":"","header-above-stick-meta":"","header-main-stick-meta":"","header-below-stick-meta":"","astra-migrate-meta-layouts":"default","ast-page-background-enabled":"default","ast-page-background-meta":{"desktop":{"background-color":"","background-image":"","background-repeat":"repeat","background-position":"center center","background-size":"auto","background-attachment":"scroll","background-type":"","background-media":"","overlay-type":"","overlay-color":"","overlay-opacity":"","overlay-gradient":""},"tablet":{"background-color":"","background-image":"","background-repeat":"repeat","background-position":"center center","background-size":"auto","background-attachment":"scroll","background-type":"","background-media":"","overlay-type":"","overlay-color":"","overlay-opacity":"","overlay-gradient":""},"mobile":{"background-color":"","background-image":"","background-repeat":"repeat","background-position":"center center","background-size":"auto","background-attachment":"scroll","background-type":"","background-media":"","overlay-type":"","overlay-color":"","overlay-opacity":"","overlay-gradient":""}},"ast-content-background-meta":{"desktop":{"background-color":"var(--ast-global-color-5)","background-image":"","background-repeat":"repeat","background-position":"center center","background-size":"auto","background-attachment":"scroll","background-type":"","background-media":"","overlay-type":"","overlay-color":"","overlay-opacity":"","overlay-gradient":""},"tablet":{"background-color":"var(--ast-global-color-5)","background-image":"","background-repeat":"repeat","background-position":"center center","background-size":"auto","background-attachment":"scroll","background-type":"","background-media":"","overlay-type":"","overlay-color":"","overlay-opacity":"","overlay-gradient":""},"mobile":{"background-color":"var(--ast-global-color-5)","background-image":"","background-repeat":"repeat","background-position":"center center","background-size":"auto","background-attachment":"scroll","background-type":"","background-media":"","overlay-type":"","overlay-color":"","overlay-opacity":"","overlay-gradient":""}},"footnotes":""},"_links":{"self":[{"href":"https:\/\/promotionskolleg-migration.de\/de_de\/wp-json\/wp\/v2\/pages\/104"}],"collection":[{"href":"https:\/\/promotionskolleg-migration.de\/de_de\/wp-json\/wp\/v2\/pages"}],"about":[{"href":"https:\/\/promotionskolleg-migration.de\/de_de\/wp-json\/wp\/v2\/types\/page"}],"author":[{"embeddable":true,"href":"https:\/\/promotionskolleg-migration.de\/de_de\/wp-json\/wp\/v2\/users\/6"}],"replies":[{"embeddable":true,"href":"https:\/\/promotionskolleg-migration.de\/de_de\/wp-json\/wp\/v2\/comments?post=104"}],"version-history":[{"count":11,"href":"https:\/\/promotionskolleg-migration.de\/de_de\/wp-json\/wp\/v2\/pages\/104\/revisions"}],"predecessor-version":[{"id":1687,"href":"https:\/\/promotionskolleg-migration.de\/de_de\/wp-json\/wp\/v2\/pages\/104\/revisions\/1687"}],"wp:attachment":[{"href":"https:\/\/promotionskolleg-migration.de\/de_de\/wp-json\/wp\/v2\/media?parent=104"}],"curies":[{"name":"wp","href":"https:\/\/api.w.org\/{rel}","templated":true}]}}