{"id":29,"date":"2020-04-01T12:20:56","date_gmt":"2020-04-01T10:20:56","guid":{"rendered":"https:\/\/promotionskolleg-migration.de\/?page_id=29"},"modified":"2020-07-13T18:09:54","modified_gmt":"2020-07-13T16:09:54","slug":"promotionsprogramm","status":"publish","type":"page","link":"https:\/\/promotionskolleg-migration.de\/de_de\/promotionsprogramm\/","title":{"rendered":"Promotionsprogramm"},"content":{"rendered":"<h4><strong><a href=\"https:\/\/promotionskolleg-migration.de\/veranstaltungen-2\/\">Aktuelle Veranstaltungen<\/a><\/strong><\/h4>\n<h2>Promotionsprogramm<\/h2>\n<h4><a href=\"https:\/\/promotionskolleg-migration.de\/veranstaltungen-2\/\">Aktuelle Veranstaltungen<\/a><\/h4>\n<p>Ein <em>Studienprogramm<\/em> soll die StipendiatInnen bei der Aneignung von Kenntnissen und Fertigkeiten unterst\u00fctzen, die f\u00fcr die fristgem\u00e4\u00dfe Anfertigung der Dissertation notwendig sind. Schwerpunkte dieser fachlichen Qualifizierung sind zum einen die Vertiefung des <em>theoretischen Wissens zu den projektrelevanten Themengebieten<\/em> (Migration, Adoleszenz, Biographie, Generation, Theorien der Psychodynamik und Psychosomatik) und zum anderen eine den Forschungsvorhaben entsprechende <em>qualitativ-forschungsmethodische Ausbildung<\/em>.\u00a0<\/p>\n\n<h4><strong><a href=\"https:\/\/promotionskolleg-migration.de\/veranstaltungen\/\">Aktuelle Veranstaltungen<\/a><\/strong><\/h4>\n<h4><strong><a href=\"https:\/\/promotionskolleg-migration.de\/veranstaltungen-2\/\">Aktuelle Veranstaltungen<\/a><\/strong><\/h4>\n","protected":false},"excerpt":{"rendered":"<p>Aktuelle Veranstaltungen Promotionsprogramm Aktuelle Veranstaltungen Ein Studienprogramm soll die StipendiatInnen bei der Aneignung von Kenntnissen und Fertigkeiten unterst\u00fctzen, die f\u00fcr die fristgem\u00e4\u00dfe Anfertigung der Dissertation notwendig sind. Schwerpunkte dieser fachlichen Qualifizierung sind zum einen die Vertiefung des theoretischen Wissens zu den projektrelevanten Themengebieten (Migration, Adoleszenz, Biographie, Generation, Theorien der Psychodynamik und Psychosomatik) und zum anderen [&hellip;]<\/p>\n","protected":false},"author":6,"featured_media":0,"parent":0,"menu_order":0,"comment_status":"closed","ping_status":"closed","template":"elementor_canvas","meta":{"site-sidebar-layout":"no-sidebar","site-content-layout":"page-builder","ast-site-content-layout":"default","site-content-style":"default","site-sidebar-style":"default","ast-global-header-display":"","ast-banner-title-visibility":"","ast-main-header-display":"","ast-hfb-above-header-display":"","ast-hfb-below-header-display":"","ast-hfb-mobile-header-display":"","site-post-title":"disabled","ast-breadcrumbs-content":"","ast-featured-img":"disabled","footer-sml-layout":"","ast-disable-related-posts":"","theme-transparent-header-meta":"default","adv-header-id-meta":"","stick-header-meta":"","header-above-stick-meta":"","header-main-stick-meta":"","header-below-stick-meta":"","astra-migrate-meta-layouts":"default","ast-page-background-enabled":"default","ast-page-background-meta":{"desktop":{"background-color":"","background-image":"","background-repeat":"repeat","background-position":"center center","background-size":"auto","background-attachment":"scroll","background-type":"","background-media":"","overlay-type":"","overlay-color":"","overlay-opacity":"","overlay-gradient":""},"tablet":{"background-color":"","background-image":"","background-repeat":"repeat","background-position":"center center","background-size":"auto","background-attachment":"scroll","background-type":"","background-media":"","overlay-type":"","overlay-color":"","overlay-opacity":"","overlay-gradient":""},"mobile":{"background-color":"","background-image":"","background-repeat":"repeat","background-position":"center center","background-size":"auto","background-attachment":"scroll","background-type":"","background-media":"","overlay-type":"","overlay-color":"","overlay-opacity":"","overlay-gradient":""}},"ast-content-background-meta":{"desktop":{"background-color":"var(--ast-global-color-5)","background-image":"","background-repeat":"repeat","background-position":"center center","background-size":"auto","background-attachment":"scroll","background-type":"","background-media":"","overlay-type":"","overlay-color":"","overlay-opacity":"","overlay-gradient":""},"tablet":{"background-color":"var(--ast-global-color-5)","background-image":"","background-repeat":"repeat","background-position":"center center","background-size":"auto","background-attachment":"scroll","background-type":"","background-media":"","overlay-type":"","overlay-color":"","overlay-opacity":"","overlay-gradient":""},"mobile":{"background-color":"var(--ast-global-color-5)","background-image":"","background-repeat":"repeat","background-position":"center center","background-size":"auto","background-attachment":"scroll","background-type":"","background-media":"","overlay-type":"","overlay-color":"","overlay-opacity":"","overlay-gradient":""}},"footnotes":""},"_links":{"self":[{"href":"https:\/\/promotionskolleg-migration.de\/de_de\/wp-json\/wp\/v2\/pages\/29"}],"collection":[{"href":"https:\/\/promotionskolleg-migration.de\/de_de\/wp-json\/wp\/v2\/pages"}],"about":[{"href":"https:\/\/promotionskolleg-migration.de\/de_de\/wp-json\/wp\/v2\/types\/page"}],"author":[{"embeddable":true,"href":"https:\/\/promotionskolleg-migration.de\/de_de\/wp-json\/wp\/v2\/users\/6"}],"replies":[{"embeddable":true,"href":"https:\/\/promotionskolleg-migration.de\/de_de\/wp-json\/wp\/v2\/comments?post=29"}],"version-history":[{"count":14,"href":"https:\/\/promotionskolleg-migration.de\/de_de\/wp-json\/wp\/v2\/pages\/29\/revisions"}],"predecessor-version":[{"id":1025,"href":"https:\/\/promotionskolleg-migration.de\/de_de\/wp-json\/wp\/v2\/pages\/29\/revisions\/1025"}],"wp:attachment":[{"href":"https:\/\/promotionskolleg-migration.de\/de_de\/wp-json\/wp\/v2\/media?parent=29"}],"curies":[{"name":"wp","href":"https:\/\/api.w.org\/{rel}","templated":true}]}}