{"id":675,"date":"2020-06-03T14:07:41","date_gmt":"2020-06-03T12:07:41","guid":{"rendered":"https:\/\/promotionskolleg-migration.de\/?page_id=675"},"modified":"2021-01-13T18:09:38","modified_gmt":"2021-01-13T17:09:38","slug":"tassilo-schuster","status":"publish","type":"page","link":"https:\/\/promotionskolleg-migration.de\/de_de\/ueber-uns\/stipendiatinnen\/tassilo-schuster\/","title":{"rendered":"Tassilo Schuster"},"content":{"rendered":"<p><a href=\"http:\/\/promotionskolleg-migration.de\/stipendiatinnen\">Zur\u00fcck zur \u00dcbersicht<\/a><\/p>\n<h6>\u00dcber uns &gt; Stipendiat*innen &gt; Tassilo Schuster<\/h6>\n<p><a href=\"https:\/\/promotionskolleg-migration.de\/veranstaltungen-2\/\">Aktuelle Veranstaltungen<\/a><\/p>\n<h2>Tassilo Schuster<\/h2>\n<h4><a href=\"https:\/\/promotionskolleg-migration.de\/stipendiatinnen\/\">Zur\u00fcck zur \u00dcbersicht<\/a><\/h4>\n<p><strong>Kontakt<\/strong><\/p>\n<p>Sigmund-Freud-Institut<br \/>Myliusstra\u00dfe 20<br \/>60323 Frankfurt am Main<br \/>Raum U.10<\/p>\n<p>\u00a0<\/p>\n<p>Telefon 069 971204-153<br \/>Telefax 069 971204-4<\/p>\n<p>\u00a0<\/p>\n<p>E-Mail: <a href=\"mailto:schuster@sigmund-freud-institut.de\" target=\"_blank\" rel=\"noopener noreferrer\">schuster@sigmund-freud-institut.de<\/a><\/p>\n\n<h4><strong>Vita<\/strong><\/h4>\n<p><strong>Seit 2019<\/strong><em><br \/><\/em>Promotionsvorhaben im Promotionskolleg \u201ePsychosoziale Folgen von Migration und Flucht\u201c zum Thema Bildungsverl\u00e4ufe und adoleszente Generationendynamik bei jungen M\u00e4nnern aus vietnamesischen Migrantenfamilien<\/p>\n<p>\u00a0<\/p>\n<p><strong>2016 \u2013 2017<\/strong><em><br \/><\/em>Master of Science in\u00a0<em>Education, Power and Social Change\u00a0<\/em>am Psychosocial Department von Birkbeck, University of London<\/p>\n<p><strong>\u00a0<\/strong><\/p>\n<p><strong>2012 \u2013 2016<\/strong><em><br \/><\/em>Bachelor of Arts in Kulturwirtschaft\/International Cultural and Business Studies an der Universit\u00e4t Passau<\/p>\n<h4><strong>Forschungsschwerpunkte<\/strong><\/h4>\n<ul>\n<li style=\"box-sizing: inherit;\">Transformative Bildung<\/li>\n<li style=\"box-sizing: inherit;\">Rassismus und Adoleszenz<\/li>\n<\/ul>\n<h4><strong><a href=\"https:\/\/promotionskolleg-migration.de\/veranstaltungen-2\/\">Aktuelle Veranstaltungen<\/a><\/strong><\/h4>\n","protected":false},"excerpt":{"rendered":"<p>Zur\u00fcck zur \u00dcbersicht \u00dcber uns &gt; Stipendiat*innen &gt; Tassilo Schuster Aktuelle Veranstaltungen Tassilo Schuster Zur\u00fcck zur \u00dcbersicht Kontakt Sigmund-Freud-InstitutMyliusstra\u00dfe 2060323 Frankfurt am MainRaum U.10 \u00a0 Telefon 069 971204-153Telefax 069 971204-4 \u00a0 E-Mail: schuster@sigmund-freud-institut.de Vita Seit 2019Promotionsvorhaben im Promotionskolleg \u201ePsychosoziale Folgen von Migration und Flucht\u201c zum Thema Bildungsverl\u00e4ufe und adoleszente Generationendynamik bei jungen M\u00e4nnern aus vietnamesischen [&hellip;]<\/p>\n","protected":false},"author":6,"featured_media":0,"parent":27,"menu_order":0,"comment_status":"closed","ping_status":"closed","template":"elementor_header_footer","meta":{"site-sidebar-layout":"no-sidebar","site-content-layout":"page-builder","ast-site-content-layout":"default","site-content-style":"default","site-sidebar-style":"default","ast-global-header-display":"","ast-banner-title-visibility":"","ast-main-header-display":"","ast-hfb-above-header-display":"","ast-hfb-below-header-display":"","ast-hfb-mobile-header-display":"","site-post-title":"disabled","ast-breadcrumbs-content":"","ast-featured-img":"disabled","footer-sml-layout":"","ast-disable-related-posts":"","theme-transparent-header-meta":"default","adv-header-id-meta":"","stick-header-meta":"","header-above-stick-meta":"","header-main-stick-meta":"","header-below-stick-meta":"","astra-migrate-meta-layouts":"default","ast-page-background-enabled":"default","ast-page-background-meta":{"desktop":{"background-color":"","background-image":"","background-repeat":"repeat","background-position":"center center","background-size":"auto","background-attachment":"scroll","background-type":"","background-media":"","overlay-type":"","overlay-color":"","overlay-opacity":"","overlay-gradient":""},"tablet":{"background-color":"","background-image":"","background-repeat":"repeat","background-position":"center center","background-size":"auto","background-attachment":"scroll","background-type":"","background-media":"","overlay-type":"","overlay-color":"","overlay-opacity":"","overlay-gradient":""},"mobile":{"background-color":"","background-image":"","background-repeat":"repeat","background-position":"center center","background-size":"auto","background-attachment":"scroll","background-type":"","background-media":"","overlay-type":"","overlay-color":"","overlay-opacity":"","overlay-gradient":""}},"ast-content-background-meta":{"desktop":{"background-color":"var(--ast-global-color-5)","background-image":"","background-repeat":"repeat","background-position":"center center","background-size":"auto","background-attachment":"scroll","background-type":"","background-media":"","overlay-type":"","overlay-color":"","overlay-opacity":"","overlay-gradient":""},"tablet":{"background-color":"var(--ast-global-color-5)","background-image":"","background-repeat":"repeat","background-position":"center center","background-size":"auto","background-attachment":"scroll","background-type":"","background-media":"","overlay-type":"","overlay-color":"","overlay-opacity":"","overlay-gradient":""},"mobile":{"background-color":"var(--ast-global-color-5)","background-image":"","background-repeat":"repeat","background-position":"center center","background-size":"auto","background-attachment":"scroll","background-type":"","background-media":"","overlay-type":"","overlay-color":"","overlay-opacity":"","overlay-gradient":""}},"footnotes":""},"_links":{"self":[{"href":"https:\/\/promotionskolleg-migration.de\/de_de\/wp-json\/wp\/v2\/pages\/675"}],"collection":[{"href":"https:\/\/promotionskolleg-migration.de\/de_de\/wp-json\/wp\/v2\/pages"}],"about":[{"href":"https:\/\/promotionskolleg-migration.de\/de_de\/wp-json\/wp\/v2\/types\/page"}],"author":[{"embeddable":true,"href":"https:\/\/promotionskolleg-migration.de\/de_de\/wp-json\/wp\/v2\/users\/6"}],"replies":[{"embeddable":true,"href":"https:\/\/promotionskolleg-migration.de\/de_de\/wp-json\/wp\/v2\/comments?post=675"}],"version-history":[{"count":8,"href":"https:\/\/promotionskolleg-migration.de\/de_de\/wp-json\/wp\/v2\/pages\/675\/revisions"}],"predecessor-version":[{"id":1181,"href":"https:\/\/promotionskolleg-migration.de\/de_de\/wp-json\/wp\/v2\/pages\/675\/revisions\/1181"}],"up":[{"embeddable":true,"href":"https:\/\/promotionskolleg-migration.de\/de_de\/wp-json\/wp\/v2\/pages\/27"}],"wp:attachment":[{"href":"https:\/\/promotionskolleg-migration.de\/de_de\/wp-json\/wp\/v2\/media?parent=675"}],"curies":[{"name":"wp","href":"https:\/\/api.w.org\/{rel}","templated":true}]}}