{"id":687,"date":"2020-06-03T14:25:49","date_gmt":"2020-06-03T12:25:49","guid":{"rendered":"https:\/\/promotionskolleg-migration.de\/?page_id=687"},"modified":"2021-01-13T18:07:12","modified_gmt":"2021-01-13T17:07:12","slug":"hannes-weidmann","status":"publish","type":"page","link":"https:\/\/promotionskolleg-migration.de\/de_de\/ueber-uns\/stipendiatinnen\/hannes-weidmann\/","title":{"rendered":"Hannes Weidmann"},"content":{"rendered":"<p><a href=\"http:\/\/promotionskolleg-migration.de\/stipendiatinnen\">Zur\u00fcck zur \u00dcbersicht<\/a><\/p>\n<h6>\u00dcber uns &gt; Stipendiat*innen &gt; Hannes Weidmann<\/h6>\n<p><a href=\"https:\/\/promotionskolleg-migration.de\/veranstaltungen-2\/\">Aktuelle Veranstaltungen<\/a><\/p>\n<h2>Hannes Weidmann<\/h2>\n<h4><a href=\"https:\/\/promotionskolleg-migration.de\/stipendiatinnen\/\">Zur\u00fcck zur \u00dcbersicht<\/a><\/h4>\n<p>\t\t\t\t\t\t\t\t\t\t<img decoding=\"async\" width=\"139\" height=\"185\" data-src=\"https:\/\/promotionskolleg-migration.de\/wp-content\/uploads\/2020\/10\/Weidmann.png\" alt=\"Hannes Weidmann\" data-srcset=\"https:\/\/promotionskolleg-migration.de\/wp-content\/uploads\/2020\/10\/Weidmann.png 139w, https:\/\/promotionskolleg-migration.de\/wp-content\/uploads\/2020\/10\/Weidmann-9x12.png 9w\" data-sizes=\"(max-width: 139px) 100vw, 139px\" src=\"data:image\/svg+xml;base64,PHN2ZyB3aWR0aD0iMSIgaGVpZ2h0PSIxIiB4bWxucz0iaHR0cDovL3d3dy53My5vcmcvMjAwMC9zdmciPjwvc3ZnPg==\" class=\"lazyload\" style=\"--smush-placeholder-width: 139px; --smush-placeholder-aspect-ratio: 139\/185;\" \/>\t\t\t\t\t\t\t\t\t\t\t<\/p>\n<p><strong>Kontakt<\/strong><\/p>\n<p>Sigmund-Freud-Institut<br \/>Myliusstra\u00dfe 20<br \/>60323 Frankfurt am Main<br \/>Raum U.10<\/p>\n<p>\u00a0<\/p>\n<p>Telefon 069 971204-129<br \/>Telefax 069 971204-4<\/p>\n<p>E-Mail: <a href=\"mailto:weidmann@sigmund-freud-institut.de\" target=\"_blank\" rel=\"noopener noreferrer\">weidmann@sigmund-freud-institut.de<\/a><\/p>\n\n<h4><strong>Vita<\/strong><\/h4>\n<p><em><strong>2013-2019<\/strong><\/em><\/p>\n<p>studentische und wissenschaftliche Hilfskraft; qualifizierter Tutor, Mitarbeit am Forschungsprojekt \u201eDas vermessene Leben\u201c.<\/p>\n<p>\u00a0<\/p>\n<p><em><strong>2016-2018<\/strong><\/em><\/p>\n<p>Studium des MA Soziologie an der Goethe-Universit\u00e4t Frankfurt mit den Schwerpunkten qualitative Sozialforschung, psychoanalytische Sozialpsychologie und Kritische Theorie. Stipendiat des Deutschlandstipendiums an der Goethe-Universit\u00e4t.<\/p>\n<p>\u00a0<\/p>\n<p><em><strong>2011-2016<\/strong><\/em><\/p>\n<p>Studium des BA Sozialwissenschaften an der Philipps-Universit\u00e4t Marburg mit den Schwerpunkten allgemeine Soziologie, Politikwissenschaft und Philosophie.<\/p>\n<p>\u00a0<\/p>\n<p>Mitglied in der Gesellschaft f\u00fcr psychoanalytische Sozialpsychologie (GfpS)<\/p>\n<h4><strong>Forschungsschwerpunkte<\/strong><\/h4>\n<ul>\n<li style=\"box-sizing: inherit;\">Psychosoziale Folgen von Migration<\/li>\n<li style=\"box-sizing: inherit;\">Bedeutung von Religiosit\u00e4t in der adoleszenten Lebenspraxis<\/li>\n<li style=\"box-sizing: inherit;\">Sequenzanalyse und szenisches Verstehen<\/li>\n<\/ul>\n<h4><strong><a href=\"https:\/\/promotionskolleg-migration.de\/veranstaltungen-2\/\">Aktuelle Veranstaltungen<\/a><\/strong><\/h4>\n","protected":false},"excerpt":{"rendered":"<p>Zur\u00fcck zur \u00dcbersicht \u00dcber uns &gt; Stipendiat*innen &gt; Hannes Weidmann Aktuelle Veranstaltungen Hannes Weidmann Zur\u00fcck zur \u00dcbersicht Kontakt Sigmund-Freud-InstitutMyliusstra\u00dfe 2060323 Frankfurt am MainRaum U.10 \u00a0 Telefon 069 971204-129Telefax 069 971204-4 E-Mail: weidmann@sigmund-freud-institut.de Vita 2013-2019 studentische und wissenschaftliche Hilfskraft; qualifizierter Tutor, Mitarbeit am Forschungsprojekt \u201eDas vermessene Leben\u201c. \u00a0 2016-2018 Studium des MA Soziologie an der Goethe-Universit\u00e4t [&hellip;]<\/p>\n","protected":false},"author":6,"featured_media":0,"parent":27,"menu_order":0,"comment_status":"closed","ping_status":"closed","template":"elementor_header_footer","meta":{"site-sidebar-layout":"no-sidebar","site-content-layout":"page-builder","ast-site-content-layout":"default","site-content-style":"default","site-sidebar-style":"default","ast-global-header-display":"","ast-banner-title-visibility":"","ast-main-header-display":"","ast-hfb-above-header-display":"","ast-hfb-below-header-display":"","ast-hfb-mobile-header-display":"","site-post-title":"disabled","ast-breadcrumbs-content":"","ast-featured-img":"disabled","footer-sml-layout":"","ast-disable-related-posts":"","theme-transparent-header-meta":"default","adv-header-id-meta":"","stick-header-meta":"","header-above-stick-meta":"","header-main-stick-meta":"","header-below-stick-meta":"","astra-migrate-meta-layouts":"default","ast-page-background-enabled":"default","ast-page-background-meta":{"desktop":{"background-color":"","background-image":"","background-repeat":"repeat","background-position":"center center","background-size":"auto","background-attachment":"scroll","background-type":"","background-media":"","overlay-type":"","overlay-color":"","overlay-opacity":"","overlay-gradient":""},"tablet":{"background-color":"","background-image":"","background-repeat":"repeat","background-position":"center center","background-size":"auto","background-attachment":"scroll","background-type":"","background-media":"","overlay-type":"","overlay-color":"","overlay-opacity":"","overlay-gradient":""},"mobile":{"background-color":"","background-image":"","background-repeat":"repeat","background-position":"center center","background-size":"auto","background-attachment":"scroll","background-type":"","background-media":"","overlay-type":"","overlay-color":"","overlay-opacity":"","overlay-gradient":""}},"ast-content-background-meta":{"desktop":{"background-color":"var(--ast-global-color-5)","background-image":"","background-repeat":"repeat","background-position":"center center","background-size":"auto","background-attachment":"scroll","background-type":"","background-media":"","overlay-type":"","overlay-color":"","overlay-opacity":"","overlay-gradient":""},"tablet":{"background-color":"var(--ast-global-color-5)","background-image":"","background-repeat":"repeat","background-position":"center center","background-size":"auto","background-attachment":"scroll","background-type":"","background-media":"","overlay-type":"","overlay-color":"","overlay-opacity":"","overlay-gradient":""},"mobile":{"background-color":"var(--ast-global-color-5)","background-image":"","background-repeat":"repeat","background-position":"center center","background-size":"auto","background-attachment":"scroll","background-type":"","background-media":"","overlay-type":"","overlay-color":"","overlay-opacity":"","overlay-gradient":""}},"footnotes":""},"_links":{"self":[{"href":"https:\/\/promotionskolleg-migration.de\/de_de\/wp-json\/wp\/v2\/pages\/687"}],"collection":[{"href":"https:\/\/promotionskolleg-migration.de\/de_de\/wp-json\/wp\/v2\/pages"}],"about":[{"href":"https:\/\/promotionskolleg-migration.de\/de_de\/wp-json\/wp\/v2\/types\/page"}],"author":[{"embeddable":true,"href":"https:\/\/promotionskolleg-migration.de\/de_de\/wp-json\/wp\/v2\/users\/6"}],"replies":[{"embeddable":true,"href":"https:\/\/promotionskolleg-migration.de\/de_de\/wp-json\/wp\/v2\/comments?post=687"}],"version-history":[{"count":12,"href":"https:\/\/promotionskolleg-migration.de\/de_de\/wp-json\/wp\/v2\/pages\/687\/revisions"}],"predecessor-version":[{"id":1235,"href":"https:\/\/promotionskolleg-migration.de\/de_de\/wp-json\/wp\/v2\/pages\/687\/revisions\/1235"}],"up":[{"embeddable":true,"href":"https:\/\/promotionskolleg-migration.de\/de_de\/wp-json\/wp\/v2\/pages\/27"}],"wp:attachment":[{"href":"https:\/\/promotionskolleg-migration.de\/de_de\/wp-json\/wp\/v2\/media?parent=687"}],"curies":[{"name":"wp","href":"https:\/\/api.w.org\/{rel}","templated":true}]}}