{"id":75,"date":"2020-04-01T16:43:04","date_gmt":"2020-04-01T14:43:04","guid":{"rendered":"https:\/\/promotionskolleg-migration.de\/?page_id=75"},"modified":"2022-03-07T11:10:04","modified_gmt":"2022-03-07T10:10:04","slug":"meurs","status":"publish","type":"page","link":"https:\/\/promotionskolleg-migration.de\/de_de\/ueber-uns\/leitung\/meurs\/","title":{"rendered":"Prof. Dr. Patrick Meurs"},"content":{"rendered":"<h4><strong><a href=\"https:\/\/promotionskolleg-migration.de\/veranstaltungen-2\/\">Aktuelle Veranstaltungen<\/a><\/strong><\/h4>\n<h2>Prof. Dr. Patrick Meurs<\/h2>\n<h4><a href=\"https:\/\/promotionskolleg-migration.de\/veranstaltungen-2\/\">Aktuelle Veranstaltungen<\/a><\/h4>\n<p>\t\t\t\t\t\t\t\t\t\t<img decoding=\"async\" width=\"116\" height=\"174\" data-src=\"https:\/\/promotionskolleg-migration.de\/wp-content\/uploads\/2020\/05\/Meurs.jpg\" alt=\"Patrick Meurs\" src=\"data:image\/svg+xml;base64,PHN2ZyB3aWR0aD0iMSIgaGVpZ2h0PSIxIiB4bWxucz0iaHR0cDovL3d3dy53My5vcmcvMjAwMC9zdmciPjwvc3ZnPg==\" class=\"lazyload\" style=\"--smush-placeholder-width: 116px; --smush-placeholder-aspect-ratio: 116\/174;\" \/>\t\t\t\t\t\t\t\t\t\t\t<\/p>\n<p><strong>Professor f\u00fcr Psychoanalyse,\u00a0Universit\u00e4t Kassel<\/strong><\/p>\n<p><strong>Direktor des Sigmund-Freud-Instituts, Frankfurt a.M.<\/strong><\/p>\n<h5>\u00a0<\/h5>\n<h5><b>Anschrift<\/b><\/h5>\n<p>Fachbereich 01 Humanwissenschaften<\/p>\n<p>Institut f\u00fcr Erziehungswissenschaften<\/p>\n<p>Nora-Platiel-Stra\u00dfe 1<br \/>34127 Kassel<br \/>Geb\u00e4ude: Nora-Platiel-Str 1 (WISO B)<\/p>\n<p>Raum 2215<\/p>\n<h5>\u00a0<\/h5>\n<h5><b>Kontakt<\/b><\/h5>\n<p>E-Mail: <a>patrick.meurs@uni-kassel.de<\/a><\/p>\n<p>Tel.: +49 561 804-3624<\/p>\n<h5><strong><a href=\"https:\/\/www.uni-kassel.de\/fb01\/institute\/institut-fuer-erziehungswissenschaft\/fachgebiete\/psychoanalyse\/prof-dr-patrick-meurs\" target=\"_blank\" rel=\"noopener\">\u2192 zur Homepage an der Universit\u00e4t Kassel<\/a><\/strong><\/h5>\n<h5><strong><a href=\"https:\/\/www.sigmund-freud-institut.de\/index.php\/mitarbeiter-innen\/prof-dr-patrick-meurs\/\" target=\"_blank\" rel=\"noopener\">\u2192 zur Homepage am Sigmund-Freud-Institut<\/a><\/strong><\/h5>\n<p>\u00a0<\/p>\n<h4>Kontakt<\/h4>\n<p><strong>\u00a0<\/strong><\/p>\n<p><strong>Prof. Dr. Patrick Meurs<\/strong><\/p>\n<p>Nora-Platiel-Stra\u00dfe 1<br \/>34127 Kassel<br \/>Geb\u00e4ude: WISO B<\/p>\n<p>Raum 2215<\/p>\n<p><a>patrick.meurs@uni-kassel.de<\/a><\/p>\n<p><strong>\u00a0<\/strong><\/p>\n<p><strong>Sekretariat Universit\u00e4t Kassel<\/strong><\/p>\n<p>Ute Ochtendung<\/p>\n<p>Tel. +49 561 804-3610<\/p>\n<p><a href=\"mailto:ochten@uni-kassel.de\">ochten@uni-kassel.de<\/a><\/p>\n<p style=\"font-size: 12px; font-style: normal; font-weight: 400;\">\u00a0<\/p>\n<p style=\"font-size: 12px; font-style: normal; font-weight: 400;\">Sekretariat Sigmund-Freud-Institut<\/p>\n<p style=\"font-size: 12px; font-style: normal; font-weight: 400;\">Annette Sibert<br \/>Myliusstra\u00dfe 20<br \/>60323 Frankfurt<\/p>\n<p>Tel. +49 69 971204-149<\/p>\n<p><a href=\"mailto:sibert@sigmund-freud-institut.de\">sibert@sigmund-freud-institut.de<\/a><\/p>\n<h5><strong>Sekretariat<\/strong><\/h5>\n<p><strong>am Fachbereich der Universit\u00e4t:<\/strong><\/p>\n<p>Ute Ochtendung<\/p>\n<p>Tel. +49 561 804-3610<\/p>\n<p>E-Mail: <a href=\"mailto:ochten@uni-kassel.de\">ochten@uni-kassel.de<\/a><\/p>\n<p>\u00a0<\/p>\n<p>Telefonische Sprechzeiten:<\/p>\n<p>Di.Mi.Do. 13\u201315 Uhr<\/p>\n<p><strong>am Sigmund-Freud-Institut:<\/strong><\/p>\n<p>Annette Sibert<\/p>\n<p>Tel. +49 69 971204-149<\/p>\n<p>E-Mail: <a href=\"mailto:sibert@sigmund-freud-institut.de\">sibert@sigmund-freud-institut.de<\/a><\/p>\n<p>\u00a0<\/p>\n<h4><strong><a href=\"https:\/\/promotionskolleg-migration.de\/veranstaltungen-2\/\">Aktuelle Veranstaltungen<\/a><\/strong><\/h4>\n","protected":false},"excerpt":{"rendered":"<p>Aktuelle Veranstaltungen Prof. Dr. Patrick Meurs Aktuelle Veranstaltungen Professor f\u00fcr Psychoanalyse,\u00a0Universit\u00e4t Kassel Direktor des Sigmund-Freud-Instituts, Frankfurt a.M. \u00a0 Anschrift Fachbereich 01 Humanwissenschaften Institut f\u00fcr Erziehungswissenschaften Nora-Platiel-Stra\u00dfe 134127 KasselGeb\u00e4ude: Nora-Platiel-Str 1 (WISO B) Raum 2215 \u00a0 Kontakt E-Mail: patrick.meurs@uni-kassel.de Tel.: +49 561 804-3624 \u2192 zur Homepage an der Universit\u00e4t Kassel \u2192 zur Homepage am Sigmund-Freud-Institut \u00a0 [&hellip;]<\/p>\n","protected":false},"author":6,"featured_media":0,"parent":25,"menu_order":0,"comment_status":"closed","ping_status":"closed","template":"elementor_canvas","meta":{"site-sidebar-layout":"no-sidebar","site-content-layout":"page-builder","ast-site-content-layout":"default","site-content-style":"default","site-sidebar-style":"default","ast-global-header-display":"","ast-banner-title-visibility":"","ast-main-header-display":"","ast-hfb-above-header-display":"","ast-hfb-below-header-display":"","ast-hfb-mobile-header-display":"","site-post-title":"disabled","ast-breadcrumbs-content":"","ast-featured-img":"disabled","footer-sml-layout":"","ast-disable-related-posts":"","theme-transparent-header-meta":"default","adv-header-id-meta":"","stick-header-meta":"","header-above-stick-meta":"","header-main-stick-meta":"","header-below-stick-meta":"","astra-migrate-meta-layouts":"default","ast-page-background-enabled":"default","ast-page-background-meta":{"desktop":{"background-color":"","background-image":"","background-repeat":"repeat","background-position":"center center","background-size":"auto","background-attachment":"scroll","background-type":"","background-media":"","overlay-type":"","overlay-color":"","overlay-opacity":"","overlay-gradient":""},"tablet":{"background-color":"","background-image":"","background-repeat":"repeat","background-position":"center center","background-size":"auto","background-attachment":"scroll","background-type":"","background-media":"","overlay-type":"","overlay-color":"","overlay-opacity":"","overlay-gradient":""},"mobile":{"background-color":"","background-image":"","background-repeat":"repeat","background-position":"center center","background-size":"auto","background-attachment":"scroll","background-type":"","background-media":"","overlay-type":"","overlay-color":"","overlay-opacity":"","overlay-gradient":""}},"ast-content-background-meta":{"desktop":{"background-color":"var(--ast-global-color-5)","background-image":"","background-repeat":"repeat","background-position":"center center","background-size":"auto","background-attachment":"scroll","background-type":"","background-media":"","overlay-type":"","overlay-color":"","overlay-opacity":"","overlay-gradient":""},"tablet":{"background-color":"var(--ast-global-color-5)","background-image":"","background-repeat":"repeat","background-position":"center center","background-size":"auto","background-attachment":"scroll","background-type":"","background-media":"","overlay-type":"","overlay-color":"","overlay-opacity":"","overlay-gradient":""},"mobile":{"background-color":"var(--ast-global-color-5)","background-image":"","background-repeat":"repeat","background-position":"center center","background-size":"auto","background-attachment":"scroll","background-type":"","background-media":"","overlay-type":"","overlay-color":"","overlay-opacity":"","overlay-gradient":""}},"footnotes":""},"_links":{"self":[{"href":"https:\/\/promotionskolleg-migration.de\/de_de\/wp-json\/wp\/v2\/pages\/75"}],"collection":[{"href":"https:\/\/promotionskolleg-migration.de\/de_de\/wp-json\/wp\/v2\/pages"}],"about":[{"href":"https:\/\/promotionskolleg-migration.de\/de_de\/wp-json\/wp\/v2\/types\/page"}],"author":[{"embeddable":true,"href":"https:\/\/promotionskolleg-migration.de\/de_de\/wp-json\/wp\/v2\/users\/6"}],"replies":[{"embeddable":true,"href":"https:\/\/promotionskolleg-migration.de\/de_de\/wp-json\/wp\/v2\/comments?post=75"}],"version-history":[{"count":14,"href":"https:\/\/promotionskolleg-migration.de\/de_de\/wp-json\/wp\/v2\/pages\/75\/revisions"}],"predecessor-version":[{"id":1665,"href":"https:\/\/promotionskolleg-migration.de\/de_de\/wp-json\/wp\/v2\/pages\/75\/revisions\/1665"}],"up":[{"embeddable":true,"href":"https:\/\/promotionskolleg-migration.de\/de_de\/wp-json\/wp\/v2\/pages\/25"}],"wp:attachment":[{"href":"https:\/\/promotionskolleg-migration.de\/de_de\/wp-json\/wp\/v2\/media?parent=75"}],"curies":[{"name":"wp","href":"https:\/\/api.w.org\/{rel}","templated":true}]}}