{"id":98,"date":"2020-04-01T15:24:29","date_gmt":"2020-04-01T13:24:29","guid":{"rendered":"https:\/\/promotionskolleg-migration.de\/?page_id=98"},"modified":"2024-01-15T13:38:47","modified_gmt":"2024-01-15T12:38:47","slug":"home","status":"publish","type":"page","link":"https:\/\/promotionskolleg-migration.de\/de_de\/","title":{"rendered":"Home"},"content":{"rendered":"<h4><strong>Promotionskolleg<\/strong><\/h4>\n<h2><strong>&#8222;Psychosoziale Folgen von Migration und Flucht &#8211; ge<\/strong><strong>nerationale Dynamiken und adoleszente Verl\u00e4ufe&#8220;<\/strong><\/h2>\n<h4>am Sigmund-Freud-Institut (SFI)<\/h4>\n\n<p style=\"font-size: 16px; font-style: normal; font-weight: 400; text-align: center;\"><em style=\"font-size: 16px;\">Leitung:<\/em><\/p>\n<p style=\"font-size: 16px; font-style: normal; font-weight: 400; text-align: center;\">Prof. Dr. Vera King (Sprecherin): SFI, Goethe-Universit\u00e4t Frankfurt am Main<\/p>\n<p style=\"font-size: 16px; font-style: normal; font-weight: 400; text-align: center;\">Prof. Dr. Hans-Christoph Koller: Universit\u00e4t Hamburg<\/p>\n<p style=\"font-size: 16px; font-style: normal; font-weight: 400; text-align: center;\">Prof. Dr. Patrick Meurs: SFI, Universit\u00e4t Kassel<\/p>\n<p style=\"font-size: 16px; font-style: normal; font-weight: 400; text-align: center;\">Prof. Dr. Heinz Wei\u00df: SFI,\u00a0Robert-Bosch-Krankenhaus Stuttgart,\u00a0Eberhard Karls Universit\u00e4t T\u00fcbingen<\/p>\n<p style=\"font-size: 16px; font-style: normal; font-weight: 400; text-align: center;\">Koordination: Dr. Susanne Benzel, SFI<\/p>\n<p style=\"font-size: 16px; font-style: normal; font-weight: 400; text-align: center;\">Stipendiat*innen: Irina Dannert, Franziska Heinz, Simon Heyny, Ina Kuli\u0107, Alexandra Litinskaya, Maximilian Richter, Tassilo Schuster, Hannes Weidmann, Luisa Wirth<\/p>\n<p style=\"text-align: center;\">Laufzeit: seit 12\/2018<\/p>\n<p>Das Promotionskolleg zielt auf die interdisziplin\u00e4re Erforschung der psychosozialen und psychischen Folgen von Migration und Flucht und deren Verarbeitung und Bew\u00e4ltigung angesichts prek\u00e4rer gesellschaftlicher Rahmenbedingungen. Im Zentrum der Untersuchung stehen dabei die adoleszenten Generationendynamiken im Kontext von Flucht und Migration, die durch interdisziplin\u00e4re Verkn\u00fcpfungen von Soziologie und psychoanalytischer Sozialpsychologie, erziehungswissenschaftlicher Erforschung von Bildungsbiographien, Kinder- und Jugendpsychologie sowie klinischer Psychoanalyse und Psychosomatik beleuchtet werden sollen.<\/p>\n<p>\t\t\t\t\t\t\t\t\t\t\t\t\t\t\t<img decoding=\"async\" width=\"768\" height=\"548\" data-src=\"https:\/\/promotionskolleg-migration.de\/wp-content\/uploads\/2020\/10\/Antrag_Schaubild__resized.png\" alt=\"Schaubild Promotionskolleg deutsch\" data-srcset=\"https:\/\/promotionskolleg-migration.de\/wp-content\/uploads\/2020\/10\/Antrag_Schaubild__resized.png 768w, https:\/\/promotionskolleg-migration.de\/wp-content\/uploads\/2020\/10\/Antrag_Schaubild__resized-300x214.png 300w, https:\/\/promotionskolleg-migration.de\/wp-content\/uploads\/2020\/10\/Antrag_Schaubild__resized-16x12.png 16w\" data-sizes=\"(max-width: 768px) 100vw, 768px\" src=\"data:image\/svg+xml;base64,PHN2ZyB3aWR0aD0iMSIgaGVpZ2h0PSIxIiB4bWxucz0iaHR0cDovL3d3dy53My5vcmcvMjAwMC9zdmciPjwvc3ZnPg==\" class=\"lazyload\" style=\"--smush-placeholder-width: 768px; --smush-placeholder-aspect-ratio: 768\/548;\" \/><br \/>\n\t\t<br \/>\n\t\t<\/p>\n<p><a href=\"https:\/\/promotionskolleg-migration.de\/veranstaltungen-2\/\">\u2192\u00a0Alle Veranstaltungen<\/a><\/p>\n","protected":false},"excerpt":{"rendered":"<p>Promotionskolleg &#8222;Psychosoziale Folgen von Migration und Flucht &#8211; generationale Dynamiken und adoleszente Verl\u00e4ufe&#8220; am Sigmund-Freud-Institut (SFI) Leitung: Prof. Dr. Vera King (Sprecherin): SFI, Goethe-Universit\u00e4t Frankfurt am Main Prof. Dr. Hans-Christoph Koller: Universit\u00e4t Hamburg Prof. Dr. Patrick Meurs: SFI, Universit\u00e4t Kassel Prof. Dr. Heinz Wei\u00df: SFI,\u00a0Robert-Bosch-Krankenhaus Stuttgart,\u00a0Eberhard Karls Universit\u00e4t T\u00fcbingen Koordination: Dr. Susanne Benzel, SFI Stipendiat*innen: [&hellip;]<\/p>\n","protected":false},"author":6,"featured_media":0,"parent":0,"menu_order":0,"comment_status":"closed","ping_status":"closed","template":"","meta":{"site-sidebar-layout":"no-sidebar","site-content-layout":"page-builder","ast-site-content-layout":"default","site-content-style":"default","site-sidebar-style":"default","ast-global-header-display":"","ast-banner-title-visibility":"","ast-main-header-display":"","ast-hfb-above-header-display":"","ast-hfb-below-header-display":"","ast-hfb-mobile-header-display":"","site-post-title":"disabled","ast-breadcrumbs-content":"","ast-featured-img":"disabled","footer-sml-layout":"","ast-disable-related-posts":"","theme-transparent-header-meta":"default","adv-header-id-meta":"","stick-header-meta":"","header-above-stick-meta":"","header-main-stick-meta":"","header-below-stick-meta":"","astra-migrate-meta-layouts":"default","ast-page-background-enabled":"default","ast-page-background-meta":{"desktop":{"background-color":"","background-image":"","background-repeat":"repeat","background-position":"center center","background-size":"auto","background-attachment":"scroll","background-type":"","background-media":"","overlay-type":"","overlay-color":"","overlay-opacity":"","overlay-gradient":""},"tablet":{"background-color":"","background-image":"","background-repeat":"repeat","background-position":"center center","background-size":"auto","background-attachment":"scroll","background-type":"","background-media":"","overlay-type":"","overlay-color":"","overlay-opacity":"","overlay-gradient":""},"mobile":{"background-color":"","background-image":"","background-repeat":"repeat","background-position":"center center","background-size":"auto","background-attachment":"scroll","background-type":"","background-media":"","overlay-type":"","overlay-color":"","overlay-opacity":"","overlay-gradient":""}},"ast-content-background-meta":{"desktop":{"background-color":"var(--ast-global-color-5)","background-image":"","background-repeat":"repeat","background-position":"center center","background-size":"auto","background-attachment":"scroll","background-type":"","background-media":"","overlay-type":"","overlay-color":"","overlay-opacity":"","overlay-gradient":""},"tablet":{"background-color":"var(--ast-global-color-5)","background-image":"","background-repeat":"repeat","background-position":"center center","background-size":"auto","background-attachment":"scroll","background-type":"","background-media":"","overlay-type":"","overlay-color":"","overlay-opacity":"","overlay-gradient":""},"mobile":{"background-color":"var(--ast-global-color-5)","background-image":"","background-repeat":"repeat","background-position":"center center","background-size":"auto","background-attachment":"scroll","background-type":"","background-media":"","overlay-type":"","overlay-color":"","overlay-opacity":"","overlay-gradient":""}},"footnotes":""},"_links":{"self":[{"href":"https:\/\/promotionskolleg-migration.de\/de_de\/wp-json\/wp\/v2\/pages\/98"}],"collection":[{"href":"https:\/\/promotionskolleg-migration.de\/de_de\/wp-json\/wp\/v2\/pages"}],"about":[{"href":"https:\/\/promotionskolleg-migration.de\/de_de\/wp-json\/wp\/v2\/types\/page"}],"author":[{"embeddable":true,"href":"https:\/\/promotionskolleg-migration.de\/de_de\/wp-json\/wp\/v2\/users\/6"}],"replies":[{"embeddable":true,"href":"https:\/\/promotionskolleg-migration.de\/de_de\/wp-json\/wp\/v2\/comments?post=98"}],"version-history":[{"count":101,"href":"https:\/\/promotionskolleg-migration.de\/de_de\/wp-json\/wp\/v2\/pages\/98\/revisions"}],"predecessor-version":[{"id":1792,"href":"https:\/\/promotionskolleg-migration.de\/de_de\/wp-json\/wp\/v2\/pages\/98\/revisions\/1792"}],"wp:attachment":[{"href":"https:\/\/promotionskolleg-migration.de\/de_de\/wp-json\/wp\/v2\/media?parent=98"}],"curies":[{"name":"wp","href":"https:\/\/api.w.org\/{rel}","templated":true}]}}