{"id":647,"date":"2020-06-03T13:00:28","date_gmt":"2020-06-03T11:00:28","guid":{"rendered":"https:\/\/promotionskolleg-migration.de\/?page_id=647"},"modified":"2021-01-13T19:02:27","modified_gmt":"2021-01-13T18:02:27","slug":"alexandra-litinskaya","status":"publish","type":"page","link":"https:\/\/promotionskolleg-migration.de\/en\/ueber-uns\/stipendiatinnen\/alexandra-litinskaya\/","title":{"rendered":"Alexandra Litinskaya"},"content":{"rendered":"<p><a href=\"http:\/\/promotionskolleg-migration.de\/en\/stipendiatinnen\/\">Back to Overview<\/a><\/p>\n<h6>About us &gt; Doctoral Researchers  &gt; Alexandra Litinskaya<\/h6>\n<p><a href=\"https:\/\/promotionskolleg-migration.de\/en\/veranstaltungen-2\/\">Current Events<\/a><\/p>\n<h2>Alexandra Litinskaya<\/h2>\n<h4><a href=\"https:\/\/promotionskolleg-migration.de\/en\/ueber-uns\/stipendiatinnen\/\">Back to Overview<\/a><\/h4>\n<p><strong>Contact<\/strong><\/p>\n<p>Sigmund Freud Institute<br \/>Myliusstra\u00dfe 20<br \/>60323 Frankfurt am Main<br \/>Room U.10<\/p>\n<p>\u00a0<\/p>\n<p>Tel. 069 971204-153<br \/>Fax 069 971204-4<\/p>\n<p>E-Mail: <a href=\"mailto:litinskaya@sigmund-freud-institut.de\" target=\"_blank\" rel=\"noopener\">litinskaya@sigmund-freud-institut.de<\/a><\/p>\n\n<h4><strong>Vita<\/strong><\/h4>\n<p><em><strong>Since 2019<\/strong><br \/><\/em>PhD-Student at the Sigmund-Freud-Institute and Goethe-University Frankfurt\/Main: Scholarship for Dissertation Project from the Hans-Boeckler-Foundation<\/p>\n<p>\u00a0<\/p>\n<p><em><strong>Since 2018<\/strong><br \/><\/em>Psychooncologist at the Robert-Bosch-Hospital Stuttgart, Department of Psychosomatic Medicine<\/p>\n<p>\u00a0<\/p>\n<p><em><strong>2017<\/strong><br \/><\/em>Psychooncologist at the Klinikum Stuttgart, Clinic for Psychosomatic Medicine and Psychotherapy<\/p>\n<p><em><strong>\u00a0<\/strong><\/em><\/p>\n<p><em><strong>2013-2016<\/strong><br \/><\/em>Student Research Assistant at the Institute of Psychology, the Institute of General Practice and the Interdisciplinary College for University Teaching of the Goethe-University Frankfurt\/Main<\/p>\n<p><em><strong>\u00a0<\/strong><\/em><\/p>\n<p><em><strong>2016<\/strong><br \/><\/em>Master\u2019s degree in Clinical Psychology, Goethe-University, Frankfurt\/Main<\/p>\n<h4><strong>Research Focus<\/strong><\/h4>\n<ul>\n<li style=\"box-sizing: inherit;\">Psychological Impact and Psychosocial Consequences of Migration<\/li>\n<li style=\"box-sizing: inherit;\">Psychotherapy Research: Culturally Sensitive and Ethnically Matched Psychotherapy<\/li>\n<\/ul>\n<h4><strong>Research Projects<\/strong><\/h4>\n<ul>\n<li>Psychological Impacts of Migration on Young People with Mental Disorders within the Doctorial Research Program \u201cPsycho-Social Impacts of Migration and Flight \u2013 Generational Dynamics and Adolescent Processes\u201d<\/li>\n<li>\u201cFactors and Mechanisms in the Ethnically Matched Psychotherapy\u201d, Department of Clinical Psychology and Psychotherapy, Goethe-University, Frankfurt\/Main\u00a0<em>(2014-2016)<\/em><\/li>\n<\/ul>\n<h4><strong>Publications<\/strong><\/h4>\n<p>11\/19 Vortrag: \u201eIn dem Alter wei\u00df man gar nicht, was so ein Streit eigentlich ist\u201c \u2013 das Eltern- und Familienbild junger Menschen mit Migrationshintergrund mit psychischen und psychosomatischen Erkrankungen. Goethe-Universit\u00e4t Frankfurt a. M.<\/p>\n<p>\u00a0<\/p>\n<p>09\/19 Poster-Pr\u00e4sentation: \u201aEltern- und Familienbild junger Menschen mit Migrationshintergrund mit psychischen Erkrankungen\u2018. Einf\u00fchrungsseminar f\u00fcr Promovierende der Hans-B\u00f6ckler-Stiftung<\/p>\n<p>\u00a0<\/p>\n<p>07\/19 Poster-Pr\u00e4sentation: \u201aEltern- und Familienbild junger Menschen mit Migrationshintergrund mit psychischen Erkrankungen: Design und Auswertungsmethoden\u2018. 15. Berliner Methodentreffen<\/p>\n<p>\u00a0<\/p>\n<p>05\/19 Vortrag: \u201aDie Bedeutung des Eltern- und Familienbildes in der Erkrankung junger Frauen und M\u00e4nner mit Migrationshintergrund\u2018 im Rahmen des Auftaktworkshops am Sigmund-Freud-Institut Frankfurt a. M.<\/p>\n<p>\u00a0<\/p>\n<p>05\/19 Vortrag: \u201aDie Bedeutung des Eltern- und Familienbildes in der Erkrankung junger Frauen und M\u00e4nner mit Migrationshintergrund mit psychischen und psychosomatischen Erkrankungen\u2018. Abteilung f\u00fcr Psychosomatische Medizin, Robert-Bosch-Krankenhaus Stuttgart<\/p>\n<p>\u00a0<\/p>\n<p>04\/19 Vortrag: \u201aDie Bedeutung des Eltern- und Familienbildes in der Erkrankung junger Frauen und M\u00e4nner mit Migrationshintergrund mit psychischen und psychosomatischen Erkrankungen\u2018. Treffen der StipendiatInnen der Hans-B\u00f6ckler-Stiftung Stuttgart<\/p>\n<h4><strong><a href=\"https:\/\/promotionskolleg-migration.de\/en\/veranstaltungen-2\/\">Current Events<\/a><\/strong><\/h4>","protected":false},"excerpt":{"rendered":"<p>Zur\u00fcck zur \u00dcbersicht \u00dcber uns &gt; Stipendiat*innen &gt; Alexandra litinskaya Aktuelle Veranstaltungen Alexandra Litinskaya Zur\u00fcck zur \u00dcbersicht Kontakt Sigmund-Freud-InstitutMyliusstra\u00dfe 2060323 Frankfurt am MainRaum U.10 \u00a0 Telefon 069 971204-153Telefax 069 971204-4 E-Mail: litinskaya@sigmund-freud-institut.de Vita Seit 2019Promotionsstipendiatin der Hans-B\u00f6ckler-Stiftung am Sigmund-Freud-Institut und der Goethe-Universit\u00e4t Frankfurt am Main \u00a0 Seit 2018T\u00e4tigkeit als Psychoonkologin am Robert-Bosch-Krankenhaus Stuttgart, Abteilung f\u00fcr [&hellip;]<\/p>\n","protected":false},"author":6,"featured_media":0,"parent":27,"menu_order":0,"comment_status":"closed","ping_status":"closed","template":"elementor_header_footer","meta":{"site-sidebar-layout":"no-sidebar","site-content-layout":"page-builder","ast-site-content-layout":"default","site-content-style":"default","site-sidebar-style":"default","ast-global-header-display":"","ast-banner-title-visibility":"","ast-main-header-display":"","ast-hfb-above-header-display":"","ast-hfb-below-header-display":"","ast-hfb-mobile-header-display":"","site-post-title":"disabled","ast-breadcrumbs-content":"","ast-featured-img":"disabled","footer-sml-layout":"","ast-disable-related-posts":"","theme-transparent-header-meta":"default","adv-header-id-meta":"","stick-header-meta":"","header-above-stick-meta":"","header-main-stick-meta":"","header-below-stick-meta":"","astra-migrate-meta-layouts":"default","ast-page-background-enabled":"default","ast-page-background-meta":{"desktop":{"background-color":"","background-image":"","background-repeat":"repeat","background-position":"center center","background-size":"auto","background-attachment":"scroll","background-type":"","background-media":"","overlay-type":"","overlay-color":"","overlay-opacity":"","overlay-gradient":""},"tablet":{"background-color":"","background-image":"","background-repeat":"repeat","background-position":"center center","background-size":"auto","background-attachment":"scroll","background-type":"","background-media":"","overlay-type":"","overlay-color":"","overlay-opacity":"","overlay-gradient":""},"mobile":{"background-color":"","background-image":"","background-repeat":"repeat","background-position":"center center","background-size":"auto","background-attachment":"scroll","background-type":"","background-media":"","overlay-type":"","overlay-color":"","overlay-opacity":"","overlay-gradient":""}},"ast-content-background-meta":{"desktop":{"background-color":"var(--ast-global-color-5)","background-image":"","background-repeat":"repeat","background-position":"center center","background-size":"auto","background-attachment":"scroll","background-type":"","background-media":"","overlay-type":"","overlay-color":"","overlay-opacity":"","overlay-gradient":""},"tablet":{"background-color":"var(--ast-global-color-5)","background-image":"","background-repeat":"repeat","background-position":"center center","background-size":"auto","background-attachment":"scroll","background-type":"","background-media":"","overlay-type":"","overlay-color":"","overlay-opacity":"","overlay-gradient":""},"mobile":{"background-color":"var(--ast-global-color-5)","background-image":"","background-repeat":"repeat","background-position":"center center","background-size":"auto","background-attachment":"scroll","background-type":"","background-media":"","overlay-type":"","overlay-color":"","overlay-opacity":"","overlay-gradient":""}},"footnotes":""},"_links":{"self":[{"href":"https:\/\/promotionskolleg-migration.de\/en\/wp-json\/wp\/v2\/pages\/647"}],"collection":[{"href":"https:\/\/promotionskolleg-migration.de\/en\/wp-json\/wp\/v2\/pages"}],"about":[{"href":"https:\/\/promotionskolleg-migration.de\/en\/wp-json\/wp\/v2\/types\/page"}],"author":[{"embeddable":true,"href":"https:\/\/promotionskolleg-migration.de\/en\/wp-json\/wp\/v2\/users\/6"}],"replies":[{"embeddable":true,"href":"https:\/\/promotionskolleg-migration.de\/en\/wp-json\/wp\/v2\/comments?post=647"}],"version-history":[{"count":22,"href":"https:\/\/promotionskolleg-migration.de\/en\/wp-json\/wp\/v2\/pages\/647\/revisions"}],"predecessor-version":[{"id":1409,"href":"https:\/\/promotionskolleg-migration.de\/en\/wp-json\/wp\/v2\/pages\/647\/revisions\/1409"}],"up":[{"embeddable":true,"href":"https:\/\/promotionskolleg-migration.de\/en\/wp-json\/wp\/v2\/pages\/27"}],"wp:attachment":[{"href":"https:\/\/promotionskolleg-migration.de\/en\/wp-json\/wp\/v2\/media?parent=647"}],"curies":[{"name":"wp","href":"https:\/\/api.w.org\/{rel}","templated":true}]}}