{"id":87,"date":"2020-04-01T15:13:43","date_gmt":"2020-04-01T13:13:43","guid":{"rendered":"https:\/\/promotionskolleg-migration.de\/?page_id=87"},"modified":"2021-11-26T14:05:00","modified_gmt":"2021-11-26T13:05:00","slug":"koller","status":"publish","type":"page","link":"https:\/\/promotionskolleg-migration.de\/en\/ueber-uns\/leitung\/koller\/","title":{"rendered":"Prof. Dr. Hans-Christoph Koller"},"content":{"rendered":"<h4><strong><a href=\"https:\/\/promotionskolleg-migration.de\/en\/veranstaltungen-2\/\">Current Events<\/a><\/strong><\/h4>\n<h2>Prof. Dr. Hans-Christoph Koller<\/h2>\n<h4><a href=\"https:\/\/promotionskolleg-migration.de\/en\/veranstaltungen-2\/\">Current Events<\/a><\/h4>\n<p>\t\t\t\t\t\t\t\t\t\t<img decoding=\"async\" width=\"180\" height=\"135\" data-src=\"https:\/\/promotionskolleg-migration.de\/wp-content\/uploads\/2020\/10\/Koller_180.png\" alt=\"Hans-Christoph Koller Portrait\" data-srcset=\"https:\/\/promotionskolleg-migration.de\/wp-content\/uploads\/2020\/10\/Koller_180.png 180w, https:\/\/promotionskolleg-migration.de\/wp-content\/uploads\/2020\/10\/Koller_180-16x12.png 16w\" data-sizes=\"(max-width: 180px) 100vw, 180px\" src=\"data:image\/svg+xml;base64,PHN2ZyB3aWR0aD0iMSIgaGVpZ2h0PSIxIiB4bWxucz0iaHR0cDovL3d3dy53My5vcmcvMjAwMC9zdmciPjwvc3ZnPg==\" class=\"lazyload\" style=\"--smush-placeholder-width: 180px; --smush-placeholder-aspect-ratio: 180\/135;\" \/>\t\t\t\t\t\t\t\t\t\t\t<\/p>\n<p><strong>Professor of Educational Science with Particular Consideration of Qualitative Educational Science and Theory of Science<\/strong><\/p>\n<h3>\u00a0<\/h3>\n<h5 id=\"address\"><strong>Address:<\/strong><\/h5>\n<p>Universit\u00e4t HamburgFakult\u00e4t f\u00fcr ErziehungswissenschaftAllgemeine, Interkulturelle und International Vergleichende Erziehungswissenschaft sowie P\u00e4dagogische Psychologie (EW 1)Von-Melle-Park 820146 Hamburg<\/p>\n<h5>\u00a0<\/h5>\n<h5 id=\"office\"><strong>Office:<\/strong><\/h5>\n<p>Room: 311<\/p>\n<h5>\u00a0<\/h5>\n<h5><b>Contact<\/b><\/h5>\n<p>E-Mail: <a href=\"mailto:hans-christoph.koller@uni-hamburg.de\">hans-christoph.koller@uni-hamburg.de<\/a><\/p>\n<p>Tel.: <a href=\"tel:+49-40-42838-5533\">+49 40 42838-5533<\/a><\/p>\n<h5><strong><a href=\"https:\/\/www.ew.uni-hamburg.de\/ueber-die-fakultaet\/personen\/koller.html\" target=\"_blank\" rel=\"noopener\">\u2192 visit Prof. Dr. Koller's university website<\/a><\/strong><\/h5>\n<p>\u00a0\u00a0<\/p>\n<h4>Contact<\/h4>\n<p><strong>\u00a0<\/strong><\/p>\n<p><strong>Prof. Dr. Hans-Christoph Koller<\/strong><\/p>\n<p>Universit\u00e4t Hamburg<\/p>\n<p>Fakult\u00e4t f\u00fcr Erziehungswissenschaft<\/p>\n<p>Allgemeine, Interkulturelle und International Vergleichende Erziehungswissenschaft sowie P\u00e4dagogische Psychologie (EW 1)<\/p>\n<p>Room: 311<\/p>\n<p>Von-Melle-Park 8<\/p>\n<p>20146 Hamburg<\/p>\n<p><a href=\"mailto:hans-christoph.koller@uni-hamburg.de\">hans-christoph.koller@uni-hamburg.de<\/a><\/p>\n<p><strong>\u00a0<\/strong><\/p>\n<p><strong>Secretariat:\u00a0<\/strong><b style=\"font-style: inherit;\">Elke Peters<\/b><\/p>\n<p>SekretariatAllgemeine, Interkulturelle und International Vergleichende Erziehungswissenschaft sowie P\u00e4dagogische Psychologie (EW 1)Von-Melle-Park 820146 HamburgRaum: 429a\u00a0Tel.:\u00a0<a style=\"font-size: 12px; background-color: #ececed;\" href=\"tel:+49-40-42838-2143\">+49 40 42838-2143<\/a>E-Mail:\u00a0<a href=\"mailto:elke.peters@uni-hamburg.de\" data-n=\"elke.peters\" data-d=\"uni-hamburg.de\">elke.peters@uni-hamburg.de<\/a>\t\t<\/p>\n<h5><strong>Secretariat<\/strong><\/h5>\n<p><b>Elke Peters<\/b><\/p>\n<p>SekretariatAllgemeine, Interkulturelle und International Vergleichende Erziehungswissenschaft sowie P\u00e4dagogische Psychologie (EW 1)Von-Melle-Park 820146 HamburgRaum: 429aTel.:\u00a0<a href=\"tel:+49-40-42838-2143\">+49 40 42838-2143<\/a>E-Mail:\u00a0<a href=\"mailto:elke.peters@uni-hamburg.de\" data-n=\"elke.peters\" data-d=\"uni-hamburg.de\">elke.peters@uni-hamburg.de<\/a>\t\t<\/p>\n<h4><strong><a href=\"https:\/\/promotionskolleg-migration.de\/en\/veranstaltungen-2\/\">Current Events<\/a><\/strong><\/h4>","protected":false},"excerpt":{"rendered":"<p>Aktuelle Veranstaltungen Prof. Dr. Hans-Christoph Koller Aktuelle Veranstaltungen Professor f\u00fcr Erziehungswissenschaft u.b.B. der Qualitativen Bildungsforschung und der Wissenschaftstheorie \u00a0 Anschrift Universit\u00e4t HamburgFakult\u00e4t f\u00fcr ErziehungswissenschaftAllgemeine, Interkulturelle und International Vergleichende Erziehungswissenschaft sowie P\u00e4dagogische Psychologie (EW 1)Von-Melle-Park 820146 Hamburg \u00a0 B\u00fcro Raum: 311 \u00a0 Kontakt E-Mail: hans-christoph.koller@uni-hamburg.de Tel.: +49 40 42838-5533 \u2192 zur Homepage an der Universit\u00e4t Hamburg [&hellip;]<\/p>\n","protected":false},"author":6,"featured_media":0,"parent":25,"menu_order":0,"comment_status":"closed","ping_status":"closed","template":"elementor_canvas","meta":{"site-sidebar-layout":"no-sidebar","site-content-layout":"page-builder","ast-site-content-layout":"default","site-content-style":"default","site-sidebar-style":"default","ast-global-header-display":"","ast-banner-title-visibility":"","ast-main-header-display":"","ast-hfb-above-header-display":"","ast-hfb-below-header-display":"","ast-hfb-mobile-header-display":"","site-post-title":"disabled","ast-breadcrumbs-content":"","ast-featured-img":"disabled","footer-sml-layout":"","ast-disable-related-posts":"","theme-transparent-header-meta":"default","adv-header-id-meta":"","stick-header-meta":"","header-above-stick-meta":"","header-main-stick-meta":"","header-below-stick-meta":"","astra-migrate-meta-layouts":"default","ast-page-background-enabled":"default","ast-page-background-meta":{"desktop":{"background-color":"","background-image":"","background-repeat":"repeat","background-position":"center center","background-size":"auto","background-attachment":"scroll","background-type":"","background-media":"","overlay-type":"","overlay-color":"","overlay-opacity":"","overlay-gradient":""},"tablet":{"background-color":"","background-image":"","background-repeat":"repeat","background-position":"center center","background-size":"auto","background-attachment":"scroll","background-type":"","background-media":"","overlay-type":"","overlay-color":"","overlay-opacity":"","overlay-gradient":""},"mobile":{"background-color":"","background-image":"","background-repeat":"repeat","background-position":"center center","background-size":"auto","background-attachment":"scroll","background-type":"","background-media":"","overlay-type":"","overlay-color":"","overlay-opacity":"","overlay-gradient":""}},"ast-content-background-meta":{"desktop":{"background-color":"var(--ast-global-color-5)","background-image":"","background-repeat":"repeat","background-position":"center center","background-size":"auto","background-attachment":"scroll","background-type":"","background-media":"","overlay-type":"","overlay-color":"","overlay-opacity":"","overlay-gradient":""},"tablet":{"background-color":"var(--ast-global-color-5)","background-image":"","background-repeat":"repeat","background-position":"center center","background-size":"auto","background-attachment":"scroll","background-type":"","background-media":"","overlay-type":"","overlay-color":"","overlay-opacity":"","overlay-gradient":""},"mobile":{"background-color":"var(--ast-global-color-5)","background-image":"","background-repeat":"repeat","background-position":"center center","background-size":"auto","background-attachment":"scroll","background-type":"","background-media":"","overlay-type":"","overlay-color":"","overlay-opacity":"","overlay-gradient":""}},"footnotes":""},"_links":{"self":[{"href":"https:\/\/promotionskolleg-migration.de\/en\/wp-json\/wp\/v2\/pages\/87"}],"collection":[{"href":"https:\/\/promotionskolleg-migration.de\/en\/wp-json\/wp\/v2\/pages"}],"about":[{"href":"https:\/\/promotionskolleg-migration.de\/en\/wp-json\/wp\/v2\/types\/page"}],"author":[{"embeddable":true,"href":"https:\/\/promotionskolleg-migration.de\/en\/wp-json\/wp\/v2\/users\/6"}],"replies":[{"embeddable":true,"href":"https:\/\/promotionskolleg-migration.de\/en\/wp-json\/wp\/v2\/comments?post=87"}],"version-history":[{"count":14,"href":"https:\/\/promotionskolleg-migration.de\/en\/wp-json\/wp\/v2\/pages\/87\/revisions"}],"predecessor-version":[{"id":1639,"href":"https:\/\/promotionskolleg-migration.de\/en\/wp-json\/wp\/v2\/pages\/87\/revisions\/1639"}],"up":[{"embeddable":true,"href":"https:\/\/promotionskolleg-migration.de\/en\/wp-json\/wp\/v2\/pages\/25"}],"wp:attachment":[{"href":"https:\/\/promotionskolleg-migration.de\/en\/wp-json\/wp\/v2\/media?parent=87"}],"curies":[{"name":"wp","href":"https:\/\/api.w.org\/{rel}","templated":true}]}}